{"id":122,"date":"2015-02-10T17:48:39","date_gmt":"2015-02-10T17:48:39","guid":{"rendered":"https:\/\/www.qpqfruits.com\/politica-de-cookies\/"},"modified":"2023-07-06T10:45:05","modified_gmt":"2023-07-06T10:45:05","slug":"politica-de-cookies","status":"publish","type":"page","link":"https:\/\/www.qpqfruits.com\/es\/politica-de-cookies\/","title":{"rendered":"Pol\u00edtica de cookies"},"content":{"rendered":"<p><strong>POL\u00cdTICA DE COOKIES<\/strong><\/p>\n<p>En este sitio web, titularidad de QUID PRO QUO FRUTS, S.L.U. (en adelante, QPQ FRUITS) se recopilan y utiliza la informaci\u00f3n seg\u00fan se indica en nuestra pol\u00edtica de privacidad, cumpliendo con lo dispuesto en el Reglamento (UE) 2016\/679 del Parlamento Europeo y del Consejo, de 27 de abril de 2016, relativo a la protecci\u00f3n de las personas f\u00edsicas en lo que respecta al tratamiento de datos personales y a la libre circulaci\u00f3n de estos datos (en adelante, el \u201cRGPD\u201d), y a la Ley Org\u00e1nica 3\/2018, de 5 de diciembre, de Protecci\u00f3n de Datos Personales y Garant\u00eda de Derechos Digitales (LOPDGDD).<\/p>\n<p>Una de las formas en las que se recopila informaci\u00f3n es a trav\u00e9s del uso de la tecnolog\u00eda llamada \u201ccookies\u201d.<\/p>\n<h2>\u00bfQu\u00e9 son las cookies?<\/h2>\n<p>QPQ FRUITS, en su sitio web utiliza cookies y\/o tecnolog\u00edas similares que almacenan y recuperan informaci\u00f3n cuando navegas. En general, estas tecnolog\u00edas pueden servir para finalidades muy diversas, como, por ejemplo, reconocerte como usuario, obtener informaci\u00f3n sobre tus h\u00e1bitos de navegaci\u00f3n, o personalizar la forma en que se muestra el contenido. Los usos concretos que hacemos de estas tecnolog\u00edas se describen a continuaci\u00f3n:<\/p>\n<h2>\u00bfPara qu\u00e9 utiliza las cookies esta p\u00e1gina web?<\/h2>\n<p>QPQ FRUITS en su sitio web utiliza las cookies para una serie de finalidades, incluidas:<\/p>\n<ul>\n<li><strong>T\u00e9cnicas:<\/strong> Son las m\u00e1s elementales y permiten, entre otras cosas, saber cu\u00e1ndo est\u00e1 navegando un humano o una aplicaci\u00f3n automatizada, cu\u00e1ndo navega un usuario an\u00f3nimo y uno registrado, tareas b\u00e1sicas para el funcionamiento de cualquier web din\u00e1mica.<\/li>\n<\/ul>\n<ul>\n<li><strong>De an\u00e1lisis:<\/strong> son aquellas que, tratadas por nosotros o por terceros, nos permiten cuantificar el n\u00famero de usuarios y as\u00ed realizar la medici\u00f3n y an\u00e1lisis estad\u00edstico de la utilizaci\u00f3n que hacen los usuarios del servicio ofertado. Para ello se analiza su navegaci\u00f3n en nuestra p\u00e1gina web con el fin de mejorar la oferta de productos o servicios que le ofrecemos<\/li>\n<li><strong>Publicitarias comportamentales:<\/strong> son aquellas que, tratadas por nosotros o por terceros, permiten analizar sus h\u00e1bitos de navegaci\u00f3n en Internet para mostrarle publicidad relacionada con su perfil de navegaci\u00f3n.<\/li>\n<\/ul>\n<h2>\u00bfQui\u00e9n utiliza las cokies en esta p\u00e1gina web?<\/h2>\n<p>La identificaci\u00f3n de quien utiliza las cookies, el tipo de cookies utilizadas y dem\u00e1s detalles se indican a continuaci\u00f3n. \u00a0Las cookies de tipo \u201cpropias\u201d son utilizadas s\u00f3lo por QPQ FRUITS, como propietario de esta web, y las cookies \u201cde terceros\u201d son utilizadas, tambi\u00e9n, por el prestador del servicio o por proveedores externos como Google, Facebook, Twitter, etc. \u00a0Puede informarse de las transferencias a terceros pa\u00edses que, en su caso, realizan los terceros identificados en esta pol\u00edtica de cookies, en sus correspondientes pol\u00edticas (ver los enlaces facilitados en el apartado \u201cM\u00e1s informaci\u00f3n\u201d de la siguiente tabla). El detalle de las cookies utilizadas en esta p\u00e1gina web es el siguiente: (completar la tabla en caso de utilizar m\u00e1s cookies)<\/p>\n<table width=\"639\">\n<tbody>\n<tr>\n<td width=\"161\"><strong>Cookies<\/strong><\/td>\n<td width=\"93\"><strong>Nombre<\/strong><\/td>\n<td width=\"76\"><strong>Tipo<\/strong><\/td>\n<td width=\"198\"><strong>Prop\u00f3sito<\/strong><\/td>\n<td width=\"111\"><strong>M\u00e1s informaci\u00f3n<\/strong><\/td>\n<\/tr>\n<tr>\n<td width=\"161\">_utma, _utmb,\u00a0 _utmc, _utmz, _ga,<\/p>\n<p>_gat, _gid, _icl_current_language, cf7msm_check<\/p>\n<p>&nbsp;<\/td>\n<td width=\"93\">Google analytics<\/td>\n<td width=\"76\">De terceros<\/td>\n<td width=\"198\">Recoger informaci\u00f3n sobre la navegaci\u00f3n de los usuarios por el sitio web con el fin de conocer el origen de las visitas y otros datos similares a nivel estad\u00edsticos.<\/td>\n<td width=\"111\">Google Analytics Centro de privacidad de Google: <a href=\"https:\/\/www.google.com\/intl\/es\/policies\/privacy\/\">https:\/\/www.google.com\/intl\/es\/policies\/privacy\/<\/a><\/p>\n<p>&nbsp;<\/td>\n<\/tr>\n<tr>\n<td width=\"161\">Redes Sociales<\/td>\n<td width=\"93\">Redes Sociales<\/td>\n<td width=\"76\">De terceros<\/td>\n<td width=\"198\">\u00a0Cada red social utiliza sus propias\u00a0<em>cookies<\/em>\u00a0para que usted pueda pinchar en botones del tipo\u00a0<em>Me gusta<\/em>\u00a0o\u00a0<em>Compartir<\/em>.<\/td>\n<td width=\"111\">Pol\u00edtica de privacidad de cada una de las redes sociales.<\/td>\n<\/tr>\n<tr>\n<td width=\"161\">Cookie de sesi\u00f3n<\/td>\n<td width=\"93\">PHPSESSID<\/td>\n<td width=\"76\">Propias<\/td>\n<td width=\"198\">\u00a0para garantizar que los usuarios que escriban comentarios en el blog sean humanos y no aplicaciones automatizadas. De esta forma se combate el\u00a0<em>spam<\/em>.<\/td>\n<td width=\"111\">Google Analytics Centro de privacidad de Google: <a href=\"https:\/\/www.google.com\/intl\/es\/policies\/privacy\/\">https:\/\/www.google.com\/intl\/es\/policies\/privacy\/<\/a><\/td>\n<\/tr>\n<\/tbody>\n<\/table>\n<h2>Consentimiento del usuario:<\/h2>\n<p>Le informamos que podemos utilizar cookies en su equipo, siempre que usted haya dado previamente su consentimiento, salvo en los supuestos en los que las cookies sean necesarias para la navegaci\u00f3n, por la aplicaci\u00f3n.<\/p>\n<p>A tal efecto, le indicamos que la utilizaci\u00f3n de las diferentes cookies por nuestra web nos permite distinguirle entre otros usuarios, proporcionarle una mejor experiencia en el uso e identificar problemas para mejorar nuestra web. En el caso de que usted preste su consentimiento, utilizaremos las cookies que nos permitir\u00e1n tener m\u00e1s informaci\u00f3n acerca de sus preferencias.<\/p>\n<p>Asimismo, le informamos que las cookies que no son necesarias para el uso de nuestra web, puede bloquearlas o deshabilitarlas a trav\u00e9s de la configuraci\u00f3n de su navegador. Si las bloquea o deshabilita podr\u00e1 seguir usando nuestra web, aunque el uso de algunos de sus servicios podr\u00e1 ser limitado y, por tanto, su experiencia en nuestra web menos satisfactoria.<\/p>\n<p>Si desea revocar su consentimiento respecto a nuestra pol\u00edtica de cookies, deber\u00e1 eliminarlas de su dispositivo a trav\u00e9s de la configuraci\u00f3n de sus navegadores de Internet.<\/p>\n<h2>\u00bfC\u00f3mo puedo desactivar o eliminar estas cookies?<\/h2>\n<p>Puede usted permitir o bloquear las cookies, as\u00ed como borrar sus datos de navegaci\u00f3n (incluidas las cookies) desde el navegador que usted utiliza.<\/p>\n<p>A continuaci\u00f3n, tiene disponibles los enlaces con la informaci\u00f3n para gestionar las cookies de los navegadores m\u00e1s utilizados:<\/p>\n<ul>\n<li><strong>Firefox<\/strong>:\u00a0<a href=\"http:\/\/support.mozilla.org\/es\/kb\/habilitar-y-deshabilitar-cookies-que-los-sitios-we\">http:\/\/support.mozilla.org\/es\/kb\/habilitar-y-deshabilitar-cookies-que-los-sitios-we<\/a><\/li>\n<li><strong>Chrome<\/strong>:\u00a0<a href=\"http:\/\/support.google.com\/chrome\/bin\/answer.py?hl=es&amp;answer=95647\">http:\/\/support.google.com\/chrome\/bin\/answer.py?hl=es&amp;answer=95647<\/a><\/li>\n<li><strong>Internet Explorer<\/strong>:\u00a0<a href=\"https:\/\/support.microsoft.com\/es-es\/help\/278835\/how-to-delete-cookie-files-in-internet-explorer\">https:\/\/support.microsoft.com\/es-es\/help\/278835\/how-to-delete-cookie-files-in-internet-explorer<\/a><\/li>\n<li><strong>Microsoft Edge:<\/strong>\u00a0<a href=\"https:\/\/support.microsoft.com\/es-es\/help\/4027947\/microsoft-edge-delete-cookies\">https:\/\/support.microsoft.com\/es-es\/help\/4027947\/microsoft-edge-delete-cookies<\/a><\/li>\n<li><strong>Safari<\/strong>:\u00a0<a href=\"http:\/\/support.apple.com\/kb\/ph5042\">http:\/\/support.apple.com\/kb\/ph5042<\/a><\/li>\n<li><strong>Opera<\/strong>:\u00a0<a href=\"http:\/\/help.opera.com\/Windows\/11.50\/es-ES\/cookies.html\">http:\/\/help.opera.com\/Windows\/11.50\/es-ES\/cookies.html<\/a><\/li>\n<li><strong>Otros navegadores<\/strong>: consulte la documentaci\u00f3n del navegador que tenga instalado.<\/li>\n<\/ul>\n<h2>Complemento de inhabilitaci\u00f3n para navegadores de Google Analytics:<\/h2>\n<p>Si desea rechazar las cookies anal\u00edticas de Google Analytics en todos los navegadores, de forma que no se env\u00ede informaci\u00f3n suya a Google Analitys, puede descargar un complemento que realiza esta funci\u00f3n desde este enlace: \u00a0<a href=\"https:\/\/tools.google.com\/dlpage\/gaoptout\">https:\/\/tools.google.com\/dlpage\/gaoptout<\/a><\/p>\n<h2>Exenci\u00f3n de responsabilidad<\/h2>\n<p>Si opta por abandonar nuestro sitio web a trav\u00e9s de enlaces a p\u00e1ginas web no pertenecientes a QPQ FRUITS, no nos haremos responsables de las pol\u00edticas de privacidad de dichos sitios web ni de las cookies que estas puedan almacenar en el ordenador del usuario. Nuestra pol\u00edtica con respecto al correo electr\u00f3nico se centra en remitir \u00fanicamente comunicaciones que usted haya solicitado recibir.<\/p>\n<p>Si prefiere no recibir estos mensajes por correo electr\u00f3nico le ofrecemos la posibilidad de ejercer su derecho de cancelaci\u00f3n y renuncia a la recepci\u00f3n de estos mensajes a trav\u00e9s de los mismos, de conformidad con lo dispuesto en el T\u00edtulo III, art\u00edculo 22 de la Ley 34\/2002 de Servicios para la Sociedad de la Informaci\u00f3n y de Comercio Electr\u00f3nico.<\/p>\n<h2>Ejercicios de derechos:<\/h2>\n<p>Puede conocer y ejercer sus derechos en materia de protecci\u00f3n de datos accediendo a nuestra <u>Pol\u00edtica de Privacidad<\/u>.<\/p>\n","protected":false},"excerpt":{"rendered":"<p>POL\u00cdTICA DE COOKIES En este sitio web, titularidad de QUID PRO QUO FRUTS, S.L.U. (en adelante, QPQ FRUITS) se recopilan y utiliza la informaci\u00f3n seg\u00fan se indica en nuestra pol\u00edtica&#8230;<\/p>\n","protected":false},"author":1,"featured_media":0,"parent":0,"menu_order":0,"comment_status":"closed","ping_status":"closed","template":"","meta":{"footnotes":""},"class_list":["post-122","page","type-page","status-publish"],"_links":{"self":[{"href":"https:\/\/www.qpqfruits.com\/es\/wp-json\/wp\/v2\/pages\/122","targetHints":{"allow":["GET"]}}],"collection":[{"href":"https:\/\/www.qpqfruits.com\/es\/wp-json\/wp\/v2\/pages"}],"about":[{"href":"https:\/\/www.qpqfruits.com\/es\/wp-json\/wp\/v2\/types\/page"}],"author":[{"embeddable":true,"href":"https:\/\/www.qpqfruits.com\/es\/wp-json\/wp\/v2\/users\/1"}],"replies":[{"embeddable":true,"href":"https:\/\/www.qpqfruits.com\/es\/wp-json\/wp\/v2\/comments?post=122"}],"version-history":[{"count":2,"href":"https:\/\/www.qpqfruits.com\/es\/wp-json\/wp\/v2\/pages\/122\/revisions"}],"predecessor-version":[{"id":608,"href":"https:\/\/www.qpqfruits.com\/es\/wp-json\/wp\/v2\/pages\/122\/revisions\/608"}],"wp:attachment":[{"href":"https:\/\/www.qpqfruits.com\/es\/wp-json\/wp\/v2\/media?parent=122"}],"curies":[{"name":"wp","href":"https:\/\/api.w.org\/{rel}","templated":true}]}}