{"id":614,"date":"2023-07-06T10:56:48","date_gmt":"2023-07-06T10:56:48","guid":{"rendered":"https:\/\/www.qpqfruits.com\/?page_id=614"},"modified":"2023-07-06T11:07:12","modified_gmt":"2023-07-06T11:07:12","slug":"politica-de-privacidad","status":"publish","type":"page","link":"https:\/\/www.qpqfruits.com\/es\/politica-de-privacidad\/","title":{"rendered":"Pol\u00edtica de privacidad"},"content":{"rendered":"<p>En QUID PRO QUO FRUITS, S.L.U. (en adelante, QPQ FRUITS), nos preocupamos por la privacidad y la transparencia.<\/p>\n<p>En virtud de lo dispuesto en el Reglamento (UE) 2016\/679 del Parlamento Europeo y del Consejo, de 27 de abril de 2016, relativo a la protecci\u00f3n de las personas f\u00edsicas en lo que respecta al tratamiento de datos personales y a la libre circulaci\u00f3n de estos datos (en adelante, el \u00abRGPD\u00bb), y a la Ley Org\u00e1nica 3\/2018, de 5 de diciembre, de Protecci\u00f3n de Datos Personales y Garant\u00eda de Derechos Digitales (LOPDGDD), le indicamos en detalle los tratamientos de datos personales que realizamos, as\u00ed como toda la informaci\u00f3n relativa a los mismos.<\/p>\n<h3>\u00bfQui\u00e9n es el responsable del tratamiento de sus datos?<\/h3>\n<p>QUID PRO QUO FRUITS, S.L.U.<\/p>\n<p>B97977037<\/p>\n<p>PASSEIG REPUBLICA DE MALTA, N.\u00ba 3, BAIX 7 &#8211; 46760 &#8211; TAVERNES DE LA VALLDIGNA &#8211; VALENCIA<\/p>\n<p>962042666<\/p>\n<p>monika@qpqfruits.com<\/p>\n<h3>\u00bfCu\u00e1les son sus derechos cuando nos facilita sus datos?<\/h3>\n<p>Cualquier persona tiene derecho a obtener confirmaci\u00f3n sobre si en QPQ FRUITS estamos tratando, o no, datos personales que les conciernan.<\/p>\n<p>Las personas interesadas tienen derecho a acceder a sus datos personales, as\u00ed como a solicitar la rectificaci\u00f3n de los datos inexactos o, en su caso, solicitar su supresi\u00f3n cuando, entre otros motivos, los datos ya no sean necesarios para los fines que fueron recogidos.<\/p>\n<p>Igualmente tiene derecho a la portabilidad de sus datos.<\/p>\n<p>En determinadas circunstancias, los interesados podr\u00e1n solicitar la limitaci\u00f3n del tratamiento de sus datos, en cuyo caso \u00fanicamente los conservaremos para el ejercicio o la defensa de reclamaciones.<\/p>\n<p>En determinadas circunstancias y por motivos relacionados con su situaci\u00f3n particular, los interesados podr\u00e1n oponerse al tratamiento de sus datos. En este caso, QPQ FRUITS dejar\u00e1 de tratar los datos, salvo por motivos leg\u00edtimos imperiosos, o el ejercicio o la defensa de posibles reclamaciones.<\/p>\n<p>Podr\u00e1 ejercitar materialmente sus derechos de la siguiente forma: dirigi\u00e9ndose a monika@qpqfruits.com<\/p>\n<p>Cuando se realice el env\u00edo de comunicaciones comerciales utilizando como base jur\u00eddica el inter\u00e9s leg\u00edtimo del responsable, el interesado podr\u00e1 oponerse al tratamiento de sus datos con ese fin.<\/p>\n<p>Si ha otorgado su consentimiento para alguna finalidad concreta, tiene derecho a retirar el consentimiento otorgado en cualquier momento, sinque ello afecte a la licitud del tratamiento basado en el consentimiento previo a su retirada.<\/p>\n<p>En caso de que sienta vulnerados sus derechos en lo concerniente a la protecci\u00f3n de sus datos personales, especialmente cuando no haya obtenido satisfacci\u00f3n en el ejercicio de sus derechos, puede presentar una reclamaci\u00f3n ante la Autoridad de Control en materia de Protecci\u00f3n de Datos competente a trav\u00e9s de su sitio web: <a href=\"http:\/\/www.aepd.es\">www.aepd.es<\/a>.<\/p>\n<h2>Tratamiento de los datos de candidatos a un puesto de trabajo<\/h2>\n<h3>1. \u00bfCon qu\u00e9 finalidad tratamos sus datos personales?<\/h3>\n<p>En QUID PRO QUO FRUITS, S.L.U. tratamos la informaci\u00f3n que nos facilitan las personas interesadas con el fin de gestionar los Curriculum Vitae recibidos y realizar los procesos de selecci\u00f3n de personal. En el caso de que no facilite sus datos personales, no podremos cumplir con las finalidades descritas. No se van a tomar decisiones automatizadas en base a los datos proporcionados.<\/p>\n<h3>2. \u00bfPor cu\u00e1nto tiempo conservaremos sus datos?<\/h3>\n<p>Dos a\u00f1os desde la \u00faltima interacci\u00f3n<\/p>\n<h3>3. \u00bfCu\u00e1l es la legitimaci\u00f3n para el tratamiento de sus datos?<\/h3>\n<p>La base legal para el tratamiento de sus datos es el consentimiento del interesado: Gestionar los Curriculum Vitae recibidos y realizar los procesos de selecci\u00f3n de personal.<\/p>\n<h3>4. \u00bfA qu\u00e9 destinatarios se comunicar\u00e1n sus datos?<\/h3>\n<p>No se ceder\u00e1n datos a terceros, salvo obligaci\u00f3n legal.<\/p>\n<h3>5. Transferencias de datos a terceros pa\u00edses<\/h3>\n<p>No est\u00e1n previstas transferencias de datos a terceros pa\u00edses.<\/p>\n<h2>Tratamiento de los datos de clientes<\/h2>\n<h3>1. \u00bfCon qu\u00e9 finalidad tratamos sus datos personales?<\/h3>\n<p>En QUID PRO QUO FRUITS, S.L.U. tratamos la informaci\u00f3n que nos facilitan las personas interesadas con el fin de realizar la gesti\u00f3n administrativa, contable y fiscal de los servicios solicitados, as\u00ed como enviar comunicaciones comerciales sobre nuestros productos y servicios. En el caso de que no facilite sus datos personales, no podremos cumplir con las finalidades descritas. No se van a tomar decisiones automatizadas en base a los datos proporcionados.<\/p>\n<h3>2. \u00bfPor cu\u00e1nto tiempo conservaremos sus datos?<\/h3>\n<p>Los datos se conservar\u00e1n mientras el interesado no solicite su supresi\u00f3n, y en su caso, durante los a\u00f1os necesarios para cumplir con las obligaciones legales.<\/p>\n<h3>3. \u00bfCu\u00e1l es la legitimaci\u00f3n para el tratamiento de sus datos?<\/h3>\n<p>La base legal para el tratamiento de sus datos es la ejecuci\u00f3n de un contrato (Realizar la gesti\u00f3n administrativa, contable y fiscal de los servicios solicitados); as\u00ed como el inter\u00e9s leg\u00edtimo del Responsable (Enviar comunicaciones comerciales v\u00eda electr\u00f3nica sobre nuestros productos y servicios).<\/p>\n<h3>4. \u00bfA qu\u00e9 destinatarios se comunicar\u00e1n sus datos?<\/h3>\n<p>Los datos se comunicar\u00e1n a la Administraci\u00f3n Tributaria, con la finalidad de cumplir con las obligaciones legales (requisito legal); as\u00ed como a entidades financieras, con la finalidad de girar los recibos correspondientes (requisito contractual).<\/p>\n<h3>5. Transferencias de datos a terceros pa\u00edses<\/h3>\n<p>No est\u00e1n previstas transferencias de datos a terceros pa\u00edses.<\/p>\n<h2>Tratamiento de los datos de potenciales clientes y contactos web<\/h2>\n<h3>1. \u00bfCon qu\u00e9 finalidad tratamos sus datos personales?<\/h3>\n<p>En QUID PRO QUO FRUITS, S.L.U. tratamos la informaci\u00f3n que nos facilitan las personas interesadas con el fin de atender su solicitud y enviarles comunicaciones comerciales, inclusive por v\u00eda electr\u00f3nica. En el caso de que no facilite sus datos personales, no podremos cumplir con las finalidades descritas. No se van a tomar decisiones automatizadas en base a los datos proporcionados.<\/p>\n<h3>2. \u00bfPor cu\u00e1nto tiempo conservaremos sus datos?<\/h3>\n<p>Los datos se conservar\u00e1n mientras el interesado no solicite su supresi\u00f3n.<\/p>\n<h3>3. \u00bfCu\u00e1l es la legitimaci\u00f3n para el tratamiento de sus datos?<\/h3>\n<p>La base legal para el tratamiento de sus datos es la ejecuci\u00f3n de un contrato (Atender su solicitud); as\u00ed como el consentimiento del interesado (Enviarle comunicaciones comerciales, inclusive por v\u00eda electr\u00f3nica).<\/p>\n<h3>4. \u00bfA qu\u00e9 destinatarios se comunicar\u00e1n sus datos?<\/h3>\n<p>No se ceder\u00e1n datos a terceros, salvo obligaci\u00f3n legal.<\/p>\n<h3>5. Transferencias de datos a terceros pa\u00edses<\/h3>\n<p>No est\u00e1n previstas transferencias de datos a terceros pa\u00edses.<\/p>\n<h2>Tratamiento de los datos de proveedores<\/h2>\n<h3>1. \u00bfCon qu\u00e9 finalidad tratamos sus datos personales?<\/h3>\n<p>En QUID PRO QUO FRUITS, S.L.U. tratamos la informaci\u00f3n que nos facilitan las personas interesadas con el fin de realizar la gesti\u00f3n administrativa, contable y fiscal de los servicios contratados, as\u00ed como de las personas de contacto. En el caso de que no facilite sus datos personales, no podremos cumplir con las finalidades descritas. No se van a tomar decisiones automatizadas en base a los datos proporcionados.<\/p>\n<h3>2. \u00bfPor cu\u00e1nto tiempo conservaremos sus datos?<\/h3>\n<p>Los datos se conservar\u00e1n mientras el interesado no solicite su supresi\u00f3n, y en su caso, durante los a\u00f1os necesarios para cumplir con las obligaciones legales.<\/p>\n<h3>3. \u00bfCu\u00e1l es la legitimaci\u00f3n para el tratamiento de sus datos?<\/h3>\n<p>La base legal para el tratamiento de sus datos es la ejecuci\u00f3n de un contrato (Realizar la gesti\u00f3n administrativa, contable y fiscal de los servicios contratados, as\u00ed como de las personas de contacto).<\/p>\n<h3>4. \u00bfA qu\u00e9 destinatarios se comunicar\u00e1n sus datos?<\/h3>\n<p>Los datos se comunicar\u00e1n a la Administraci\u00f3n Tributaria, con la finalidad de cumplir con las obligaciones legales (requisito legal); as\u00ed como a las entidades financieras, con la finalidad de realizar los pagos correspondientes (requisito contractual).<\/p>\n<h3>5. Transferencias de datos a terceros pa\u00edses<\/h3>\n<p>No est\u00e1n previstas transferencias de datos a terceros pa\u00edses.<\/p>\n<h3>6. \u00bfC\u00f3mo hemos obtenido sus datos?<\/h3>\n<p>Los datos personales que tratamos en QUID PRO QUO FRUITS, S.L.U. proceden del propio interesado. Las categor\u00edas de datos que se tratan son: Datos identificativos; Direcciones postales y electr\u00f3nicas; Informaci\u00f3n comercial; Datos econ\u00f3micos.<\/p>\n","protected":false},"excerpt":{"rendered":"<p>En QUID PRO QUO FRUITS, S.L.U. (en adelante, QPQ FRUITS), nos preocupamos por la privacidad y la transparencia. En virtud de lo dispuesto en el Reglamento (UE) 2016\/679 del Parlamento&#8230;<\/p>\n","protected":false},"author":1,"featured_media":0,"parent":0,"menu_order":0,"comment_status":"closed","ping_status":"closed","template":"","meta":{"footnotes":""},"class_list":["post-614","page","type-page","status-publish"],"_links":{"self":[{"href":"https:\/\/www.qpqfruits.com\/es\/wp-json\/wp\/v2\/pages\/614","targetHints":{"allow":["GET"]}}],"collection":[{"href":"https:\/\/www.qpqfruits.com\/es\/wp-json\/wp\/v2\/pages"}],"about":[{"href":"https:\/\/www.qpqfruits.com\/es\/wp-json\/wp\/v2\/types\/page"}],"author":[{"embeddable":true,"href":"https:\/\/www.qpqfruits.com\/es\/wp-json\/wp\/v2\/users\/1"}],"replies":[{"embeddable":true,"href":"https:\/\/www.qpqfruits.com\/es\/wp-json\/wp\/v2\/comments?post=614"}],"version-history":[{"count":3,"href":"https:\/\/www.qpqfruits.com\/es\/wp-json\/wp\/v2\/pages\/614\/revisions"}],"predecessor-version":[{"id":617,"href":"https:\/\/www.qpqfruits.com\/es\/wp-json\/wp\/v2\/pages\/614\/revisions\/617"}],"wp:attachment":[{"href":"https:\/\/www.qpqfruits.com\/es\/wp-json\/wp\/v2\/media?parent=614"}],"curies":[{"name":"wp","href":"https:\/\/api.w.org\/{rel}","templated":true}]}}