{"id":70,"date":"2015-02-08T17:16:37","date_gmt":"2015-02-08T17:16:37","guid":{"rendered":"https:\/\/www.qpqfruits.com\/?page_id=70"},"modified":"2018-10-29T04:48:05","modified_gmt":"2018-10-29T04:48:05","slug":"sobre-nosotros","status":"publish","type":"page","link":"https:\/\/www.qpqfruits.com\/es\/sobre-nosotros\/","title":{"rendered":"Sobre Nosotros"},"content":{"rendered":"[vc_row type=\u00bbfull_width_content\u00bb full_screen_row_position=\u00bbmiddle\u00bb vertically_center_columns=\u00bbtrue\u00bb bg_color=\u00bb#fbfbfb\u00bb scene_position=\u00bbcenter\u00bb text_color=\u00bbdark\u00bb text_align=\u00bbleft\u00bb top_padding=\u00bb0&#8243; bottom_padding=\u00bb0&#8243; overlay_strength=\u00bb0.3&#8243; shape_divider_position=\u00bbbottom\u00bb][vc_column column_padding=\u00bbpadding-8-percent\u00bb column_padding_position=\u00bball\u00bb background_color=\u00bb#f5f5f5&#8243; background_color_opacity=\u00bb1&#8243; background_hover_color_opacity=\u00bb1&#8243; column_link_target=\u00bb_self\u00bb column_shadow=\u00bbnone\u00bb column_border_radius=\u00bbnone\u00bb width=\u00bb2\/3&#8243; tablet_width_inherit=\u00bbdefault\u00bb tablet_text_alignment=\u00bbdefault\u00bb phone_text_alignment=\u00bbdefault\u00bb column_border_width=\u00bbnone\u00bb column_border_style=\u00bbsolid\u00bb][vc_column_text]\n<h3>Sobre QPQ fruits<\/h3>\n<p>En QPQ Fruits nos dedicamos a la <strong>Importaci\u00f3n y exportaci\u00f3n de Las mejores frutas y verduras del mundo<\/strong>, sobre todo hacia los pa\u00edses de Centroeuropa.<\/p>\n<p>Somos una\u00a0empresa\u00a0joven y din\u00e1mica formada por los mejores profesionales los cuales trabajan siempre con el mayor rigor y profesionalidad para encontrar la mejor mercanc\u00eda para nuestros clientes, a los que le pedimos un contacto directo, para cooperar con total confianza.<\/p>\n<p>El contacto directo con nuestros proveedores nos hace tener una visi\u00f3n directa de la mercanc\u00eda para responder en cada momento a las necesidades del cliente. Adem\u00e1s, nuestro conocimiento de los mercados y sus necesidades hacen que podamos asesorar y proporcionar en cada momento el producto m\u00e1s adecuado.[\/vc_column_text][vc_raw_html css=\u00bb.vc_custom_1540788485060{padding-top: 50px !important;}\u00bb]JTVCd2RfbWFwJTVE[\/vc_raw_html][\/vc_column][vc_column column_padding=\u00bbpadding-5-percent\u00bb column_padding_position=\u00bball\u00bb background_color=\u00bb#ffffff\u00bb background_color_opacity=\u00bb1&#8243; background_hover_color_opacity=\u00bb1&#8243; column_link_target=\u00bb_self\u00bb column_shadow=\u00bbnone\u00bb column_border_radius=\u00bbnone\u00bb width=\u00bb1\/3&#8243; tablet_width_inherit=\u00bbdefault\u00bb tablet_text_alignment=\u00bbdefault\u00bb phone_text_alignment=\u00bbdefault\u00bb column_border_width=\u00bbnone\u00bb column_border_style=\u00bbsolid\u00bb][toggles style=\u00bbdefault\u00bb accordion=\u00bbtrue\u00bb][toggle color=\u00bbDefault\u00bb title=\u00bbCertificados de Calidad\u00bb][divider line_type=\u00bbNo Line\u00bb custom_height=\u00bb20&#8243;][vc_row_inner column_margin=\u00bbdefault\u00bb text_align=\u00bbleft\u00bb][vc_column_inner column_padding=\u00bbno-extra-padding\u00bb column_padding_position=\u00bball\u00bb background_color_opacity=\u00bb1&#8243; background_hover_color_opacity=\u00bb1&#8243; column_shadow=\u00bbnone\u00bb column_border_radius=\u00bbnone\u00bb column_link_target=\u00bb_self\u00bb width=\u00bb1\/2&#8243; tablet_width_inherit=\u00bbdefault\u00bb column_border_width=\u00bbnone\u00bb column_border_style=\u00bbsolid\u00bb][image_with_animation image_url=\u00bb466&#8243; alignment=\u00bbcenter\u00bb animation=\u00bbFade In\u00bb border_radius=\u00bbnone\u00bb box_shadow=\u00bbnone\u00bb max_width=\u00bb100%\u00bb][\/vc_column_inner][vc_column_inner column_padding=\u00bbno-extra-padding\u00bb column_padding_position=\u00bball\u00bb background_color_opacity=\u00bb1&#8243; background_hover_color_opacity=\u00bb1&#8243; column_shadow=\u00bbnone\u00bb column_border_radius=\u00bbnone\u00bb column_link_target=\u00bb_self\u00bb width=\u00bb1\/2&#8243; tablet_width_inherit=\u00bbdefault\u00bb column_border_width=\u00bbnone\u00bb column_border_style=\u00bbsolid\u00bb][image_with_animation image_url=\u00bb467&#8243; alignment=\u00bbcenter\u00bb animation=\u00bbFade In\u00bb border_radius=\u00bbnone\u00bb box_shadow=\u00bbnone\u00bb max_width=\u00bb100%\u00bb][\/vc_column_inner][\/vc_row_inner][divider line_type=\u00bbNo Line\u00bb custom_height=\u00bb20&#8243;][vc_row_inner column_margin=\u00bbdefault\u00bb text_align=\u00bbleft\u00bb][vc_column_inner column_padding=\u00bbno-extra-padding\u00bb column_padding_position=\u00bball\u00bb background_color_opacity=\u00bb1&#8243; background_hover_color_opacity=\u00bb1&#8243; column_shadow=\u00bbnone\u00bb column_border_radius=\u00bbnone\u00bb column_link_target=\u00bb_self\u00bb width=\u00bb1\/2&#8243; tablet_width_inherit=\u00bbdefault\u00bb column_border_width=\u00bbnone\u00bb column_border_style=\u00bbsolid\u00bb][image_with_animation image_url=\u00bb469&#8243; alignment=\u00bbcenter\u00bb animation=\u00bbFade In\u00bb border_radius=\u00bbnone\u00bb box_shadow=\u00bbnone\u00bb max_width=\u00bb100%\u00bb][\/vc_column_inner][vc_column_inner column_padding=\u00bbno-extra-padding\u00bb column_padding_position=\u00bball\u00bb background_color_opacity=\u00bb1&#8243; background_hover_color_opacity=\u00bb1&#8243; column_shadow=\u00bbnone\u00bb column_border_radius=\u00bbnone\u00bb column_link_target=\u00bb_self\u00bb width=\u00bb1\/2&#8243; tablet_width_inherit=\u00bbdefault\u00bb column_border_width=\u00bbnone\u00bb column_border_style=\u00bbsolid\u00bb][image_with_animation image_url=\u00bb471&#8243; alignment=\u00bbcenter\u00bb animation=\u00bbFade In\u00bb border_radius=\u00bbnone\u00bb box_shadow=\u00bbnone\u00bb max_width=\u00bb100%\u00bb][\/vc_column_inner][\/vc_row_inner][divider line_type=\u00bbNo Line\u00bb custom_height=\u00bb20&#8243;][\/toggle][toggle color=\u00bbDefault\u00bb title=\u00bbFilosof\u00eda\u00bb][vc_column_text]En nuestro negocio es primordial la cooperaci\u00f3n en el trabajo. El intercambio de informaci\u00f3n y el entendimiento. Este mano a mano, este algo por algo hacen que la satisfacci\u00f3n sea mutua.[\/vc_column_text][\/toggle][toggle color=\u00bbDefault\u00bb title=\u00bbMisi\u00f3n\u00bb][vc_column_text]Nuestra meta es poder ofrecer a nuestros clientes toda la mercanc\u00eda que necesiten en cada temporada.[\/vc_column_text][\/toggle][\/toggles][\/vc_column][\/vc_row][full_width_section type=\u00bbfull_width_content\u00bb vertically_center_columns=\u00bbtrue\u00bb text_color=\u00bblight\u00bb top_padding=\u00bb0&#8243; bottom_padding=\u00bb0&#8243;][vc_column column_padding=\u00bbpadding-4-percent\u00bb column_padding_position=\u00bball\u00bb background_color=\u00bb#dc0070&#8243; background_color_opacity=\u00bb1&#8243; background_hover_color_opacity=\u00bb1&#8243; column_link_target=\u00bb_self\u00bb column_shadow=\u00bbnone\u00bb column_border_radius=\u00bbnone\u00bb width=\u00bb1\/3&#8243; tablet_width_inherit=\u00bbdefault\u00bb tablet_text_alignment=\u00bbdefault\u00bb phone_text_alignment=\u00bbdefault\u00bb column_border_width=\u00bbnone\u00bb column_border_style=\u00bbsolid\u00bb][testimonial_slider style=\u00bbdefault\u00bb star_rating_color=\u00bbaccent-color\u00bb][testimonial star_rating=\u00bbnone\u00bb name=\u00bbPerfect Nature\u00bb quote=\u00bbPerfect Nature trabaja para ofrecer frutas y verduras con la m\u00e1s alta CALIDAD posible\u00bb id=\u00bbt2&#8243; title=\u00bbTestimonial\u00bb tab_id=\u00bb1443708045286-7&#8243;][\/testimonial][\/testimonial_slider][\/vc_column][vc_column column_padding=\u00bbno-extra-padding\u00bb column_padding_position=\u00bball\u00bb background_color=\u00bb#000000&#8243; background_color_opacity=\u00bb1&#8243; background_hover_color_opacity=\u00bb1&#8243; column_link_target=\u00bb_self\u00bb column_shadow=\u00bbnone\u00bb column_border_radius=\u00bbnone\u00bb width=\u00bb2\/3&#8243; tablet_width_inherit=\u00bbdefault\u00bb tablet_text_alignment=\u00bbdefault\u00bb phone_text_alignment=\u00bbdefault\u00bb column_border_width=\u00bbnone\u00bb column_border_style=\u00bbsolid\u00bb][clients columns=\u00bb5&#8243; hover_effect=\u00bbopacity\u00bb additional_padding=\u00bbnone\u00bb carousel=\u00bbtrue\u00bb][client image=\u00bb436&#8243; title=\u00bbClient\u00bb name=\u00bbFluid\u00bb tab_id=\u00bb1443708045398-9&#8243; id=\u00bb1540786439310-1&#8243;] Click the edit button to add your testimonial. [\/client][\/clients][\/vc_column][\/full_width_section][vc_row type=\u00bbfull_width_content\u00bb full_screen_row_position=\u00bbmiddle\u00bb bg_color=\u00bb#f9f9f9&#8243; scene_position=\u00bbcenter\u00bb text_color=\u00bbdark\u00bb text_align=\u00bbleft\u00bb overlay_strength=\u00bb0.3&#8243; shape_divider_position=\u00bbbottom\u00bb][vc_column column_padding=\u00bbpadding-7-percent\u00bb column_padding_position=\u00bball\u00bb background_color=\u00bb#f9f9f9&#8243; background_color_opacity=\u00bb1&#8243; background_hover_color_opacity=\u00bb1&#8243; column_link_target=\u00bb_self\u00bb column_shadow=\u00bbnone\u00bb column_border_radius=\u00bbnone\u00bb width=\u00bb1\/2&#8243; tablet_width_inherit=\u00bbdefault\u00bb tablet_text_alignment=\u00bbdefault\u00bb phone_text_alignment=\u00bbdefault\u00bb column_border_width=\u00bbnone\u00bb column_border_style=\u00bbsolid\u00bb][vc_column_text]\n<h3 class=\"tiny\">Perfect Nature<\/h3>\n[divider line_type=\u00bbSmall Line\u00bb custom_height=\u00bb50&#8243;]\n<h2>Conoce nuestra marca Perfect Nature, sin\u00f3nimo de calidad y frescura.<\/h2>\n<p><em><a href=\"https:\/\/www.qpqfruits.com\/es\/frutas-perfect-nature\/\">M\u00e1s informaci\u00f3n<\/a><br \/>\n<\/em>[\/vc_column_text][\/vc_column][vc_column column_padding=\u00bbpadding-7-percent\u00bb column_padding_position=\u00bball\u00bb background_color=\u00bb#ffffff\u00bb background_color_opacity=\u00bb1&#8243; background_hover_color_opacity=\u00bb1&#8243; column_link_target=\u00bb_self\u00bb column_shadow=\u00bbnone\u00bb column_border_radius=\u00bbnone\u00bb width=\u00bb1\/2&#8243; tablet_width_inherit=\u00bbdefault\u00bb tablet_text_alignment=\u00bbdefault\u00bb phone_text_alignment=\u00bbdefault\u00bb column_border_width=\u00bbnone\u00bb column_border_style=\u00bbsolid\u00bb][vc_column_text]\n<h3 class=\"tiny\">Frutas y Verduras<\/h3>\n[divider line_type=\u00bbSmall Line\u00bb custom_height=\u00bb50&#8243;]\n<h2>Conoce nuestras frutas y verduras de temporada.<\/h2>\n<p><em><a href=\"https:\/\/www.qpqfruits.com\/es\/exportacion-y-comercializacion-de-frutas-y-verduras\/\">Productos<\/a><br \/>\n<\/em>[\/vc_column_text][\/vc_column][\/vc_row]\n","protected":false},"excerpt":{"rendered":"<p>[vc_row type=\u00bbfull_width_content\u00bb full_screen_row_position=\u00bbmiddle\u00bb vertically_center_columns=\u00bbtrue\u00bb bg_color=\u00bb#fbfbfb\u00bb scene_position=\u00bbcenter\u00bb text_color=\u00bbdark\u00bb text_align=\u00bbleft\u00bb top_padding=\u00bb0&#8243; bottom_padding=\u00bb0&#8243; overlay_strength=\u00bb0.3&#8243; shape_divider_position=\u00bbbottom\u00bb][vc_column column_padding=\u00bbpadding-8-percent\u00bb column_padding_position=\u00bball\u00bb background_color=\u00bb#f5f5f5&#8243; background_color_opacity=\u00bb1&#8243; background_hover_color_opacity=\u00bb1&#8243; column_link_target=\u00bb_self\u00bb column_shadow=\u00bbnone\u00bb column_border_radius=\u00bbnone\u00bb width=\u00bb2\/3&#8243; tablet_width_inherit=\u00bbdefault\u00bb tablet_text_alignment=\u00bbdefault\u00bb phone_text_alignment=\u00bbdefault\u00bb column_border_width=\u00bbnone\u00bb column_border_style=\u00bbsolid\u00bb][vc_column_text] Sobre QPQ fruits En&#8230;<\/p>\n","protected":false},"author":1,"featured_media":0,"parent":0,"menu_order":0,"comment_status":"open","ping_status":"open","template":"","meta":{"footnotes":""},"class_list":["post-70","page","type-page","status-publish"],"_links":{"self":[{"href":"https:\/\/www.qpqfruits.com\/es\/wp-json\/wp\/v2\/pages\/70","targetHints":{"allow":["GET"]}}],"collection":[{"href":"https:\/\/www.qpqfruits.com\/es\/wp-json\/wp\/v2\/pages"}],"about":[{"href":"https:\/\/www.qpqfruits.com\/es\/wp-json\/wp\/v2\/types\/page"}],"author":[{"embeddable":true,"href":"https:\/\/www.qpqfruits.com\/es\/wp-json\/wp\/v2\/users\/1"}],"replies":[{"embeddable":true,"href":"https:\/\/www.qpqfruits.com\/es\/wp-json\/wp\/v2\/comments?post=70"}],"version-history":[{"count":10,"href":"https:\/\/www.qpqfruits.com\/es\/wp-json\/wp\/v2\/pages\/70\/revisions"}],"predecessor-version":[{"id":536,"href":"https:\/\/www.qpqfruits.com\/es\/wp-json\/wp\/v2\/pages\/70\/revisions\/536"}],"wp:attachment":[{"href":"https:\/\/www.qpqfruits.com\/es\/wp-json\/wp\/v2\/media?parent=70"}],"curies":[{"name":"wp","href":"https:\/\/api.w.org\/{rel}","templated":true}]}}