{"id":82,"date":"2015-02-08T17:28:33","date_gmt":"2015-02-08T17:28:33","guid":{"rendered":"https:\/\/www.qpqfruits.com\/?page_id=82"},"modified":"2015-10-03T07:17:29","modified_gmt":"2015-10-03T07:17:29","slug":"frutas-perfect-nature","status":"publish","type":"page","link":"https:\/\/www.qpqfruits.com\/es\/frutas-perfect-nature\/","title":{"rendered":"Frutas Perfect Nature"},"content":{"rendered":"[vc_row type=\u00bbfull_width_content\u00bb vertically_center_columns=\u00bbtrue\u00bb scene_position=\u00bbcenter\u00bb text_color=\u00bblight\u00bb text_align=\u00bbleft\u00bb top_padding=\u00bb0&#8243; bottom_padding=\u00bb0&#8243;][vc_column column_padding=\u00bbpadding-4-percent\u00bb column_padding_position=\u00bball\u00bb background_color=\u00bb#222222&#8243; background_color_opacity=\u00bb1&#8243; background_hover_color_opacity=\u00bb1&#8243; width=\u00bb1\/2&#8243;][vc_row_inner][vc_column_inner column_padding=\u00bbpadding-2-percent\u00bb column_padding_position=\u00bball\u00bb background_color_opacity=\u00bb1&#8243; width=\u00bb1\/4&#8243;][vc_pie value=\u00bb100&#8243; color=\u00bb#dc0070&#8243; title=\u00bbCalidad\u00bb][\/vc_column_inner][vc_column_inner column_padding=\u00bbpadding-2-percent\u00bb column_padding_position=\u00bball\u00bb background_color_opacity=\u00bb1&#8243; width=\u00bb1\/4&#8243;][vc_pie value=\u00bb84&#8243; color=\u00bb#dc0070&#8243; title=\u00bbImagen\u00bb][\/vc_column_inner][vc_column_inner column_padding=\u00bbpadding-2-percent\u00bb column_padding_position=\u00bball\u00bb background_color_opacity=\u00bb1&#8243; width=\u00bb1\/4&#8243;][vc_pie value=\u00bb95&#8243; color=\u00bb#dc0070&#8243; title=\u00bbPa\u00edses\u00bb][\/vc_column_inner][vc_column_inner column_padding=\u00bbpadding-2-percent\u00bb column_padding_position=\u00bball\u00bb background_color_opacity=\u00bb1&#8243; width=\u00bb1\/4&#8243;][vc_pie value=\u00bb75&#8243; color=\u00bb#dc0070&#8243; title=\u00bbTemporadas\u00bb][\/vc_column_inner][\/vc_row_inner][\/vc_column][vc_column column_padding=\u00bbpadding-4-percent\u00bb column_padding_position=\u00bball\u00bb background_color=\u00bb#dc0070&#8243; background_color_opacity=\u00bb1&#8243; background_hover_color_opacity=\u00bb1&#8243; width=\u00bb1\/2&#8243;][vc_row_inner][vc_column_inner column_padding=\u00bbno-extra-padding\u00bb column_padding_position=\u00bball\u00bb background_color_opacity=\u00bb1&#8243; width=\u00bb1\/1&#8243;][vc_column_text]\n<h3>PERFECT NATURE ES SINONIMO DE CALIDAD<\/h3>\n<p>Para QPQ siempre ha sido un prioridad la m\u00e1xima calidad en todos nuestros productos.<\/p>\n<p>Por ello disponemos de un gran equipo humano de control de calidad que supervisa la producci\u00f3n tanto desde su origen en los mismos campos como en su manufacturaci\u00f3n y procesado.\u00a0Garantizando la m\u00e1xima frescura de cada producto as\u00ed como su perfecta durabilidad para la exportaci\u00f3n.[\/vc_column_text][\/vc_column_inner][\/vc_row_inner][\/vc_column][\/vc_row][vc_row type=\u00bbfull_width_content\u00bb vertically_center_columns=\u00bbtrue\u00bb scene_position=\u00bbcenter\u00bb text_color=\u00bblight\u00bb text_align=\u00bbleft\u00bb top_padding=\u00bb0&#8243; bottom_padding=\u00bb0&#8243;][vc_column column_padding=\u00bbpadding-4-percent\u00bb column_padding_position=\u00bball\u00bb background_color=\u00bb#dc0070&#8243; background_color_opacity=\u00bb1&#8243; background_hover_color_opacity=\u00bb1&#8243; width=\u00bb1\/2&#8243;][vc_row_inner][vc_column_inner column_padding=\u00bbno-extra-padding\u00bb column_padding_position=\u00bball\u00bb background_color_opacity=\u00bb1&#8243; width=\u00bb1\/1&#8243;][vc_column_text]\n<h3>PERFECT NATURE UN PACKAGING SUBLIME<\/h3>\n<p>Para QPQ es muy importante la imagen de nuestros productos as\u00ed como la calidad de cada embalaje.<\/p>\n<p>Nuestros productos est\u00e1n preparados para largas distancias, por ello cuidamos tanto nuestras cajas, etiquetas, cubres\u2026 para que el producto este bien cuidado en ellos.<br \/>\nNuestra marca es sin\u00f3nimo de modernidad y dise\u00f1o.[\/vc_column_text][\/vc_column_inner][\/vc_row_inner][\/vc_column][vc_column centered_text=\u00bbtrue\u00bb column_padding=\u00bbno-extra-padding\u00bb column_padding_position=\u00bball\u00bb background_color=\u00bb#ffffff\u00bb background_color_opacity=\u00bb1&#8243; background_hover_color_opacity=\u00bb1&#8243; width=\u00bb1\/2&#8243;][vc_row_inner][vc_column_inner column_padding=\u00bbno-extra-padding\u00bb column_padding_position=\u00bball\u00bb background_color_opacity=\u00bb1&#8243; width=\u00bb1\/1&#8243;][image_with_animation image_url=\u00bb441&#8243; alignment=\u00bbcenter\u00bb animation=\u00bbFade In\u00bb][\/vc_column_inner][\/vc_row_inner][\/vc_column][\/vc_row][vc_row type=\u00bbfull_width_content\u00bb vertically_center_columns=\u00bbtrue\u00bb bg_color=\u00bb#000000&#8243; scene_position=\u00bbcenter\u00bb text_color=\u00bbdark\u00bb text_align=\u00bbleft\u00bb top_padding=\u00bb0&#8243; bottom_padding=\u00bb0&#8243;][vc_column column_padding=\u00bbpadding-4-percent\u00bb column_padding_position=\u00bball\u00bb background_color=\u00bb#ffffff\u00bb background_color_opacity=\u00bb1&#8243; background_hover_color_opacity=\u00bb1&#8243; width=\u00bb1\/2&#8243;][vc_row_inner][vc_column_inner enable_animation=\u00bbtrue\u00bb animation=\u00bbflip-in\u00bb column_padding=\u00bbno-extra-padding\u00bb column_padding_position=\u00bball\u00bb background_color_opacity=\u00bb1&#8243; width=\u00bb1\/1&#8243;][vc_column_text]\n<h3>IMAGEN DE MARCA<\/h3>\n<p>Todos estos factores hacen que nuestra marca sea un referente en los mercados, tanto en calidad como en imagen.[\/vc_column_text][\/vc_column_inner][\/vc_row_inner][\/vc_column][vc_column column_padding=\u00bbno-extra-padding\u00bb column_padding_position=\u00bball\u00bb background_color=\u00bb#222222&#8243; background_color_opacity=\u00bb1&#8243; background_hover_color_opacity=\u00bb1&#8243; width=\u00bb1\/2&#8243;][image_with_animation image_url=\u00bb477&#8243; alignment=\u00bbcenter\u00bb animation=\u00bbFade In\u00bb][\/vc_column][\/vc_row][vc_row type=\u00bbfull_width_background\u00bb bg_color=\u00bb#dc0070&#8243; scene_position=\u00bbcenter\u00bb text_color=\u00bblight\u00bb text_align=\u00bbcenter\u00bb top_padding=\u00bb60&#8243; bottom_padding=\u00bb40&#8243;][vc_column column_padding=\u00bbno-extra-padding\u00bb column_padding_position=\u00bball\u00bb background_color_opacity=\u00bb1&#8243; background_hover_color_opacity=\u00bb1&#8243; width=\u00bb1\/1&#8243;][vc_column_text]\n<h2 class=\"light\" style=\"text-align: center;\">Si quieres que un agente comercial te informe personalmente <a class=\"nectar-button n-sc-button large see-through has-icon\"  href=\"https:\/\/www.qpqfruits.com\/es\/contacto\/\" data-color-override=\"false\" data-hover-color-override=\"false\" data-hover-text-color-override=\"#fff\"><span>Cont\u00e1ctanos<\/span><i class=\"icon-button-arrow\"><\/i><\/a><\/h2>\n[\/vc_column_text][\/vc_column][\/vc_row]\n","protected":false},"excerpt":{"rendered":"<p>[vc_row type=\u00bbfull_width_content\u00bb vertically_center_columns=\u00bbtrue\u00bb scene_position=\u00bbcenter\u00bb text_color=\u00bblight\u00bb text_align=\u00bbleft\u00bb top_padding=\u00bb0&#8243; bottom_padding=\u00bb0&#8243;][vc_column column_padding=\u00bbpadding-4-percent\u00bb column_padding_position=\u00bball\u00bb background_color=\u00bb#222222&#8243; background_color_opacity=\u00bb1&#8243; background_hover_color_opacity=\u00bb1&#8243; width=\u00bb1\/2&#8243;][vc_row_inner][vc_column_inner column_padding=\u00bbpadding-2-percent\u00bb column_padding_position=\u00bball\u00bb background_color_opacity=\u00bb1&#8243; width=\u00bb1\/4&#8243;][vc_pie value=\u00bb100&#8243; color=\u00bb#dc0070&#8243; title=\u00bbCalidad\u00bb][\/vc_column_inner][vc_column_inner column_padding=\u00bbpadding-2-percent\u00bb column_padding_position=\u00bball\u00bb background_color_opacity=\u00bb1&#8243; width=\u00bb1\/4&#8243;][vc_pie value=\u00bb84&#8243; color=\u00bb#dc0070&#8243; title=\u00bbImagen\u00bb][\/vc_column_inner][vc_column_inner column_padding=\u00bbpadding-2-percent\u00bb column_padding_position=\u00bball\u00bb&#8230;<\/p>\n","protected":false},"author":1,"featured_media":0,"parent":0,"menu_order":0,"comment_status":"open","ping_status":"open","template":"","meta":{"footnotes":""},"class_list":["post-82","page","type-page","status-publish"],"_links":{"self":[{"href":"https:\/\/www.qpqfruits.com\/es\/wp-json\/wp\/v2\/pages\/82","targetHints":{"allow":["GET"]}}],"collection":[{"href":"https:\/\/www.qpqfruits.com\/es\/wp-json\/wp\/v2\/pages"}],"about":[{"href":"https:\/\/www.qpqfruits.com\/es\/wp-json\/wp\/v2\/types\/page"}],"author":[{"embeddable":true,"href":"https:\/\/www.qpqfruits.com\/es\/wp-json\/wp\/v2\/users\/1"}],"replies":[{"embeddable":true,"href":"https:\/\/www.qpqfruits.com\/es\/wp-json\/wp\/v2\/comments?post=82"}],"version-history":[{"count":6,"href":"https:\/\/www.qpqfruits.com\/es\/wp-json\/wp\/v2\/pages\/82\/revisions"}],"predecessor-version":[{"id":479,"href":"https:\/\/www.qpqfruits.com\/es\/wp-json\/wp\/v2\/pages\/82\/revisions\/479"}],"wp:attachment":[{"href":"https:\/\/www.qpqfruits.com\/es\/wp-json\/wp\/v2\/media?parent=82"}],"curies":[{"name":"wp","href":"https:\/\/api.w.org\/{rel}","templated":true}]}}